{"id":724,"date":"2010-09-15T05:33:46","date_gmt":"2010-09-15T05:33:46","guid":{"rendered":"http:\/\/elegantthemes.com\/preview\/DeepFocus\/?page_id=2"},"modified":"2025-08-29T15:37:46","modified_gmt":"2025-08-29T13:37:46","slug":"chisiamo","status":"publish","type":"page","link":"https:\/\/museo.freaknet.org\/it\/chisiamo\/","title":{"rendered":"Chi siamo"},"content":{"rendered":"<p>Siamo i membri di 3 organizzazioni differenti: il <a title=\"Freaknet MediaLab\" href=\"http:\/\/www.freaknet.org\" target=\"_blank\" rel=\"noopener\">Freaknet Medialab<\/a>, dal 1994 primo laboratorio libero in Italia a fornire gratuitamente email ed accesso ad Internet; <a title=\"Dyne.org free software foundry\" href=\"http:\/\/www.dyne.org\" target=\"_blank\" rel=\"noopener\">Dyne.org<\/a>, fucina di programmatori di Software Libero; <a title=\"Poetry HackLab - Laboratorio d'informatica autogestito\" href=\"http:\/\/poetry.freaknet.org\" target=\"_blank\" rel=\"noopener\">Poetry Hacklab<\/a>, un laboratorio di informatica libera in Palazzolo Acreide, paese a 40 Km da Siracusa, famoso per il suo Teatro Greco e le sue bellezze storiche e naturali. Attorno a noi gravita un universo di appassionati, ricercatori, scienziati ed artisti. Le nostre attivit\u00e0 sono conosciute in tutto il mondo e godiamo della fiducia dell&#8217;UNESCO e della <a title=\"www.fsf.org\" href=\"http:\/\/www.fsf.org\/\" target=\"_blank\" rel=\"noopener\">Free Software Foundation<\/a>.<\/p>\n<p><strong>Il nostro progetto<\/strong><\/p>\n<p>Abbiamo deciso di realizzare uno dei progetti al quale abbiamo gi\u00e0 dedicato <strong>10 anni di appassionata ricerca<\/strong> e catalogazione: un <strong>Museo dell&#8217;Informatica Funzionante<\/strong>, un posto dove i visitatori, sia fisicamente sia attraverso Internet, possono usare computer storici, conoscere la loro storia, imparare i rudimenti dell&#8217;elettronica e dell&#8217;informatica e condividere un pezzo del nostro percorso. Un luogo dove preservare, riparare, conservare, digitalizzare e condividere in rete un patrimonio fatto di hardware ma anche di documentazione, software, schemi elettrici, libri e media di vario tipo.<\/p>\n<p><a href=\"http:\/\/museo.freaknet.org\/wp-content\/uploads\/2010\/09\/DSCN2532.jpg\"><img loading=\"lazy\" decoding=\"async\" class=\"aligncenter size-medium wp-image-1012\" title=\"DSCN2532\" src=\"http:\/\/museo.freaknet.org\/wp-content\/uploads\/2010\/09\/DSCN2532-300x224.jpg\" alt=\"\" width=\"300\" height=\"224\" \/><\/a><\/p>\n<p><strong>Cosa abbiamo fatto finora<\/strong><\/p>\n<p>Abbiamo raccolto in questi anni un patrimonio di quasi <strong>2000 computer storici<\/strong> risalenti fino agli anni &#8217;60. Grazie al nostro impegno molti sono stati riparati e sono ora perfettamente funzionanti, mentre altri aspettano di essere riportati in vita. Questo lavoro di ricerca e sperimentazione necessita di spazio che non abbiamo mai avuto; le istituzioni locali non sono mai andate al di l\u00e0 delle parole. Da anni cerchiamo senza sosta un luogo dove iniziare seriamente le attivit\u00e0 del nostro museo: la sfida \u00e8 offrire un&#8217;alternativa culturale in un Sud d&#8217;Europa dove purtroppo fin&#8217;ora l&#8217;unica soluzione per crescere professionalmente \u00e8 stata quella di emigrare, anche per molti dei nostri associati.<\/p>\n<p><strong>Cosa vogliamo fare<\/strong><\/p>\n<p>Un museo tradizionale presenta oggetti storici fossilizzati, pietrificati, conservati dietro teche di vetro, immobili, muti testimoni di un tempo passato; i visitatori passano, guardano e vanno via.<\/p>\n<p>La nostra idea di Museo e&#8217; differente: il mondo dell&#8217;Informatica e&#8217; oggi parte integrante della nostra vita di tutti i giorni; cosi&#8217; secondo noi la possibilita&#8217; di toccare con mano, provare i computer storici, accenderli, caricare i programmi e poter giocare con essi assume un notevole valore didattico e formativo.<\/p>\n<p><a href=\"http:\/\/museo.freaknet.org\/what-i-do\/dsc_3715\/\" rel=\"attachment wp-att-1207\"><img loading=\"lazy\" decoding=\"async\" class=\"aligncenter size-full wp-image-1207\" title=\"DSC_3715\" src=\"http:\/\/museo.freaknet.org\/wp-content\/uploads\/2010\/09\/DSC_3715.jpg\" alt=\"\" width=\"276\" height=\"265\" \/><\/a><\/p>\n<p>L&#8217;imperativo degli Hackers in tutto il mondo e&#8217; sempre stato &#8220;Hands On!&#8221;, cioe&#8217; &#8220;metterci le mani sopra&#8221;. E&#8217; grazie a questa attitudine, tipica dei bambini che amano smontare i propri giocattoli per vedere come sono fatti dentro, che sono nati i primi computer; persone come Konrad Zuse, Piergiorgio Perotto, Lee Felsenstein, Ed Roberts, Steve Wozniak, Steve Jobs non avrebbero mai creato i primi computer della storia se non avessero seguito questa attitudine naturale dell&#8217;essere umano: la curiosita&#8217;.<\/p>\n<p><a href=\"http:\/\/museo.freaknet.org\/what-i-do\/dsc_3796\/\" rel=\"attachment wp-att-1208\"><img loading=\"lazy\" decoding=\"async\" class=\"aligncenter size-medium wp-image-1208\" title=\"DSC_3796\" src=\"http:\/\/museo.freaknet.org\/wp-content\/uploads\/2010\/09\/DSC_3796-600x398.jpg\" alt=\"\" width=\"600\" height=\"398\" srcset=\"https:\/\/museo.freaknet.org\/wp-content\/uploads\/2010\/09\/DSC_3796-600x398.jpg 600w, https:\/\/museo.freaknet.org\/wp-content\/uploads\/2010\/09\/DSC_3796.jpg 720w\" sizes=\"auto, (max-width: 600px) 100vw, 600px\" \/><\/a><\/p>\n<p>I computer della nostra esposizione sono funzionanti ed utilizzabili, alcuni in modo semplice; altri, piu&#8217; delicati e complessi, sotto la supervisione dei nostri tecnici. Su richiesta possiamo attrezzare delle apposite postazioni per necessita&#8217; particolari.<\/p>\n<p>L&#8217;esposizione ed il restauro sono ottima materia per corsi formativi su svariati argomenti: elettronica di base, informatica, restauro, recupero dati&#8230;<\/p>\n<p>La visione di un museo del genere ci motiva gi\u00e0 da un decennio, facendoci pionieri di un&#8217;area museale emergente, quella che si occupa proprio della storia dei computer e dell&#8217;informatica (sia hardware che software). Musei del genere stanno sorgendo proprio in questi anni intorno al mondo, attirando l&#8217;attenzione e la benevolenza tanto di istituzioni pubbliche quanto di benefattori privati, eppure dopo averne visitati alcuni ci rendiamo conto che l&#8217;unicit\u00e0 di alcuni pezzi da noi raccolti, nonch\u00e9 la storia e le produzioni software che ci hanno resi famosi nel mondo, renderebbero il nostro Museo dell&#8217;Informatica Funzionante in Italia un&#8217;eccellenza nel suo settore. Di fatto gi\u00e0 da alcuni anni siamo stati capaci di suscitare l&#8217;attenzione dei media nazionali ed esteri, ed attirare nel paesino di Palazzolo Acreide esperti da tutta Europa, persone alle quali ci troviamo ad offrire l&#8217;accesso solo per alcuni computer ed in angusti locali privati. <strong>Stanchi di aspettare, abbiamo deciso di unire le nostre forze, fare &#8220;colletta&#8221; ed affittare uno spazio adeguato per realizzare questo progetto.<\/strong><\/p>\n<p><\/p>","protected":false},"excerpt":{"rendered":"<p>Siamo i membri di 3 organizzazioni differenti: il Freaknet Medialab, dal 1994 primo laboratorio libero in Italia a fornire gratuitamente<\/p>\n","protected":false},"author":2,"featured_media":0,"parent":0,"menu_order":0,"comment_status":"closed","ping_status":"open","template":"","meta":{"colormag_page_container_layout":"default_layout","colormag_page_sidebar_layout":"default_layout","footnotes":""},"class_list":["post-724","page","type-page","status-publish","hentry"],"yoast_head":"<!-- This site is optimized with the Yoast SEO plugin v27.3 - https:\/\/yoast.com\/product\/yoast-seo-wordpress\/ -->\n<title>Chi siamo - Museo dell&#039;Informatica Funzionante<\/title>\n<meta name=\"robots\" content=\"index, follow, max-snippet:-1, max-image-preview:large, max-video-preview:-1\" \/>\n<link rel=\"canonical\" href=\"https:\/\/museo.freaknet.org\/it\/chisiamo\/\" \/>\n<meta property=\"og:locale\" content=\"it_IT\" \/>\n<meta property=\"og:type\" content=\"article\" \/>\n<meta property=\"og:title\" content=\"Chi siamo - Museo dell&#039;Informatica Funzionante\" \/>\n<meta property=\"og:description\" content=\"Siamo i membri di 3 organizzazioni differenti: il Freaknet Medialab, dal 1994 primo laboratorio libero in Italia a fornire gratuitamente\" \/>\n<meta property=\"og:url\" content=\"https:\/\/museo.freaknet.org\/it\/chisiamo\/\" \/>\n<meta property=\"og:site_name\" content=\"Museo dell&#039;Informatica Funzionante\" \/>\n<meta property=\"article:publisher\" content=\"https:\/\/www.facebook.com\/MuseoInformaticaFunzionante?fref=ts\" \/>\n<meta property=\"article:modified_time\" content=\"2025-08-29T13:37:46+00:00\" \/>\n<meta property=\"og:image\" content=\"https:\/\/museo.freaknet.org\/wp-content\/uploads\/2010\/09\/DSCN2532.jpg\" \/>\n\t<meta property=\"og:image:width\" content=\"2288\" \/>\n\t<meta property=\"og:image:height\" content=\"1712\" \/>\n\t<meta property=\"og:image:type\" content=\"image\/jpeg\" \/>\n<meta name=\"twitter:card\" content=\"summary_large_image\" \/>\n<meta name=\"twitter:site\" content=\"@freaknetmuseum\" \/>\n<meta name=\"twitter:label1\" content=\"Tempo di lettura stimato\" \/>\n\t<meta name=\"twitter:data1\" content=\"7 minuti\" \/>\n<script type=\"application\/ld+json\" class=\"yoast-schema-graph\">{\"@context\":\"https:\\\/\\\/schema.org\",\"@graph\":[{\"@type\":\"WebPage\",\"@id\":\"https:\\\/\\\/museo.freaknet.org\\\/it\\\/chisiamo\\\/\",\"url\":\"https:\\\/\\\/museo.freaknet.org\\\/it\\\/chisiamo\\\/\",\"name\":\"Chi siamo - Museo dell&#039;Informatica Funzionante\",\"isPartOf\":{\"@id\":\"https:\\\/\\\/museo.freaknet.org\\\/it\\\/#website\"},\"primaryImageOfPage\":{\"@id\":\"https:\\\/\\\/museo.freaknet.org\\\/it\\\/chisiamo\\\/#primaryimage\"},\"image\":{\"@id\":\"https:\\\/\\\/museo.freaknet.org\\\/chisiamo\\\/#primaryimage\"},\"thumbnailUrl\":\"http:\\\/\\\/museo.freaknet.org\\\/wp-content\\\/uploads\\\/2010\\\/09\\\/DSCN2532-300x224.jpg\",\"datePublished\":\"2010-09-15T05:33:46+00:00\",\"dateModified\":\"2025-08-29T13:37:46+00:00\",\"breadcrumb\":{\"@id\":\"https:\\\/\\\/museo.freaknet.org\\\/it\\\/chisiamo\\\/#breadcrumb\"},\"inLanguage\":\"it-IT\",\"potentialAction\":[{\"@type\":\"ReadAction\",\"target\":[[\"https:\\\/\\\/museo.freaknet.org\\\/it\\\/chisiamo\\\/\"]]}]},{\"@type\":\"ImageObject\",\"inLanguage\":\"it-IT\",\"@id\":\"https:\\\/\\\/museo.freaknet.org\\\/it\\\/chisiamo\\\/#primaryimage\",\"url\":\"http:\\\/\\\/museo.freaknet.org\\\/wp-content\\\/uploads\\\/2010\\\/09\\\/DSCN2532-300x224.jpg\",\"contentUrl\":\"http:\\\/\\\/museo.freaknet.org\\\/wp-content\\\/uploads\\\/2010\\\/09\\\/DSCN2532-300x224.jpg\"},{\"@type\":\"BreadcrumbList\",\"@id\":\"https:\\\/\\\/museo.freaknet.org\\\/it\\\/chisiamo\\\/#breadcrumb\",\"itemListElement\":[{\"@type\":\"ListItem\",\"position\":1,\"name\":\"Home\",\"item\":\"https:\\\/\\\/museo.freaknet.org\\\/it\\\/\"},{\"@type\":\"ListItem\",\"position\":2,\"name\":\"Chi siamo\"}]},{\"@type\":\"WebSite\",\"@id\":\"https:\\\/\\\/museo.freaknet.org\\\/it\\\/#website\",\"url\":\"https:\\\/\\\/museo.freaknet.org\\\/it\\\/\",\"name\":\"Museo dell&#039;Informatica Funzionante\",\"description\":\"Computer Museum\",\"publisher\":{\"@id\":\"https:\\\/\\\/museo.freaknet.org\\\/it\\\/#organization\"},\"potentialAction\":[{\"@type\":\"SearchAction\",\"target\":{\"@type\":\"EntryPoint\",\"urlTemplate\":\"https:\\\/\\\/museo.freaknet.org\\\/it\\\/?s={search_term_string}\"},\"query-input\":{\"@type\":\"PropertyValueSpecification\",\"valueRequired\":true,\"valueName\":\"search_term_string\"}}],\"inLanguage\":\"it-IT\"},{\"@type\":\"Organization\",\"@id\":\"https:\\\/\\\/museo.freaknet.org\\\/it\\\/#organization\",\"name\":\"Museo dell'Informatica Funzionante\",\"url\":\"https:\\\/\\\/museo.freaknet.org\\\/it\\\/\",\"logo\":{\"@type\":\"ImageObject\",\"inLanguage\":\"it-IT\",\"@id\":\"https:\\\/\\\/museo.freaknet.org\\\/it\\\/#\\\/schema\\\/logo\\\/image\\\/\",\"url\":\"https:\\\/\\\/museo.freaknet.org\\\/wp-content\\\/uploads\\\/2023\\\/10\\\/logomuseook-e1698601667567.jpg\",\"contentUrl\":\"https:\\\/\\\/museo.freaknet.org\\\/wp-content\\\/uploads\\\/2023\\\/10\\\/logomuseook-e1698601667567.jpg\",\"width\":127,\"height\":150,\"caption\":\"Museo dell'Informatica Funzionante\"},\"image\":{\"@id\":\"https:\\\/\\\/museo.freaknet.org\\\/it\\\/#\\\/schema\\\/logo\\\/image\\\/\"},\"sameAs\":[\"https:\\\/\\\/www.facebook.com\\\/MuseoInformaticaFunzionante?fref=ts\",\"https:\\\/\\\/x.com\\\/freaknetmuseum\",\"https:\\\/\\\/instagram.com\\\/instamusif\\\/\",\"https:\\\/\\\/www.pinterest.com\\\/museocomputer\\\/musif\\\/\"]}]}<\/script>\n<!-- \/ Yoast SEO plugin. -->","yoast_head_json":{"title":"Chi siamo - Museo dell&#039;Informatica Funzionante","robots":{"index":"index","follow":"follow","max-snippet":"max-snippet:-1","max-image-preview":"max-image-preview:large","max-video-preview":"max-video-preview:-1"},"canonical":"https:\/\/museo.freaknet.org\/it\/chisiamo\/","og_locale":"it_IT","og_type":"article","og_title":"Chi siamo - Museo dell&#039;Informatica Funzionante","og_description":"Siamo i membri di 3 organizzazioni differenti: il Freaknet Medialab, dal 1994 primo laboratorio libero in Italia a fornire gratuitamente","og_url":"https:\/\/museo.freaknet.org\/it\/chisiamo\/","og_site_name":"Museo dell&#039;Informatica Funzionante","article_publisher":"https:\/\/www.facebook.com\/MuseoInformaticaFunzionante?fref=ts","article_modified_time":"2025-08-29T13:37:46+00:00","og_image":[{"width":2288,"height":1712,"url":"https:\/\/museo.freaknet.org\/wp-content\/uploads\/2010\/09\/DSCN2532.jpg","type":"image\/jpeg"}],"twitter_card":"summary_large_image","twitter_site":"@freaknetmuseum","twitter_misc":{"Tempo di lettura stimato":"7 minuti"},"schema":{"@context":"https:\/\/schema.org","@graph":[{"@type":"WebPage","@id":"https:\/\/museo.freaknet.org\/it\/chisiamo\/","url":"https:\/\/museo.freaknet.org\/it\/chisiamo\/","name":"Chi siamo - Museo dell&#039;Informatica Funzionante","isPartOf":{"@id":"https:\/\/museo.freaknet.org\/it\/#website"},"primaryImageOfPage":{"@id":"https:\/\/museo.freaknet.org\/it\/chisiamo\/#primaryimage"},"image":{"@id":"https:\/\/museo.freaknet.org\/chisiamo\/#primaryimage"},"thumbnailUrl":"http:\/\/museo.freaknet.org\/wp-content\/uploads\/2010\/09\/DSCN2532-300x224.jpg","datePublished":"2010-09-15T05:33:46+00:00","dateModified":"2025-08-29T13:37:46+00:00","breadcrumb":{"@id":"https:\/\/museo.freaknet.org\/it\/chisiamo\/#breadcrumb"},"inLanguage":"it-IT","potentialAction":[{"@type":"ReadAction","target":[["https:\/\/museo.freaknet.org\/it\/chisiamo\/"]]}]},{"@type":"ImageObject","inLanguage":"it-IT","@id":"https:\/\/museo.freaknet.org\/it\/chisiamo\/#primaryimage","url":"http:\/\/museo.freaknet.org\/wp-content\/uploads\/2010\/09\/DSCN2532-300x224.jpg","contentUrl":"http:\/\/museo.freaknet.org\/wp-content\/uploads\/2010\/09\/DSCN2532-300x224.jpg"},{"@type":"BreadcrumbList","@id":"https:\/\/museo.freaknet.org\/it\/chisiamo\/#breadcrumb","itemListElement":[{"@type":"ListItem","position":1,"name":"Home","item":"https:\/\/museo.freaknet.org\/it\/"},{"@type":"ListItem","position":2,"name":"Chi siamo"}]},{"@type":"WebSite","@id":"https:\/\/museo.freaknet.org\/it\/#website","url":"https:\/\/museo.freaknet.org\/it\/","name":"Museo dell&#039;Informatica Funzionante","description":"Computer Museum","publisher":{"@id":"https:\/\/museo.freaknet.org\/it\/#organization"},"potentialAction":[{"@type":"SearchAction","target":{"@type":"EntryPoint","urlTemplate":"https:\/\/museo.freaknet.org\/it\/?s={search_term_string}"},"query-input":{"@type":"PropertyValueSpecification","valueRequired":true,"valueName":"search_term_string"}}],"inLanguage":"it-IT"},{"@type":"Organization","@id":"https:\/\/museo.freaknet.org\/it\/#organization","name":"Museo dell'Informatica Funzionante","url":"https:\/\/museo.freaknet.org\/it\/","logo":{"@type":"ImageObject","inLanguage":"it-IT","@id":"https:\/\/museo.freaknet.org\/it\/#\/schema\/logo\/image\/","url":"https:\/\/museo.freaknet.org\/wp-content\/uploads\/2023\/10\/logomuseook-e1698601667567.jpg","contentUrl":"https:\/\/museo.freaknet.org\/wp-content\/uploads\/2023\/10\/logomuseook-e1698601667567.jpg","width":127,"height":150,"caption":"Museo dell'Informatica Funzionante"},"image":{"@id":"https:\/\/museo.freaknet.org\/it\/#\/schema\/logo\/image\/"},"sameAs":["https:\/\/www.facebook.com\/MuseoInformaticaFunzionante?fref=ts","https:\/\/x.com\/freaknetmuseum","https:\/\/instagram.com\/instamusif\/","https:\/\/www.pinterest.com\/museocomputer\/musif\/"]}]}},"_links":{"self":[{"href":"https:\/\/museo.freaknet.org\/it\/wp-json\/wp\/v2\/pages\/724","targetHints":{"allow":["GET"]}}],"collection":[{"href":"https:\/\/museo.freaknet.org\/it\/wp-json\/wp\/v2\/pages"}],"about":[{"href":"https:\/\/museo.freaknet.org\/it\/wp-json\/wp\/v2\/types\/page"}],"author":[{"embeddable":true,"href":"https:\/\/museo.freaknet.org\/it\/wp-json\/wp\/v2\/users\/2"}],"replies":[{"embeddable":true,"href":"https:\/\/museo.freaknet.org\/it\/wp-json\/wp\/v2\/comments?post=724"}],"version-history":[{"count":21,"href":"https:\/\/museo.freaknet.org\/it\/wp-json\/wp\/v2\/pages\/724\/revisions"}],"predecessor-version":[{"id":3735,"href":"https:\/\/museo.freaknet.org\/it\/wp-json\/wp\/v2\/pages\/724\/revisions\/3735"}],"wp:attachment":[{"href":"https:\/\/museo.freaknet.org\/it\/wp-json\/wp\/v2\/media?parent=724"}],"curies":[{"name":"wp","href":"https:\/\/api.w.org\/{rel}","templated":true}]}}