{"id":668,"date":"2010-09-15T08:20:47","date_gmt":"2010-09-15T08:20:47","guid":{"rendered":"http:\/\/elegantthemes.com\/preview\/DeepFocus\/?page_id=233"},"modified":"2025-08-29T15:37:46","modified_gmt":"2025-08-29T13:37:46","slug":"storia","status":"publish","type":"page","link":"https:\/\/museo.freaknet.org\/it\/chisiamo\/storia\/","title":{"rendered":"Storia"},"content":{"rendered":"<p>Il\u00a0<strong>Museo dell&#8217;Informatica Funzionante<\/strong>\u00a0nasce nel 1994 da un&#8217;idea di Gabriele &#8220;asbesto&#8221; Zaverio, dapprima come semplice collezione di vecchi computer, allo scopo di riutilizzarli, poi come oggetto di studi piu&#8217; ampi all&#8217;interno del <a title=\"Freaknet MediaLab\" href=\"http:\/\/www.freaknet.org\" target=\"_blank\" rel=\"noopener\">Freaknet Medialab<\/a>, allora ospitato presso il Centro Sociale Auro di Catania; \u00a0grazie alla spinta propulsiva del gruppo di hackers di <a title=\"Dyne.org - free software foundry\" href=\"http:\/\/www.dyne.org\" target=\"_blank\" rel=\"noopener\">Dyne.org<\/a> e del <a title=\"Poetry hackLab - Laboratorio d'informatica autogestito\" href=\"http:\/\/museo.freaknet.org\/poetry-hacklab\">Poetry Hacklab<\/a>, questa semplice idea si e&#8217; evoluta in un vero e proprio Museo.<\/p>\n<div>\n<p><a href=\"http:\/\/museo.freaknet.org\/wp-content\/uploads\/2010\/09\/M40.jpg\"><img loading=\"lazy\" decoding=\"async\" class=\"alignleft wp-image-2650 size-thumbnail\" src=\"http:\/\/museo.freaknet.org\/wp-content\/uploads\/2010\/09\/M40-150x150.jpg\" alt=\"M40\" width=\"150\" height=\"150\" srcset=\"https:\/\/museo.freaknet.org\/wp-content\/uploads\/2010\/09\/M40-150x150.jpg 150w, https:\/\/museo.freaknet.org\/wp-content\/uploads\/2010\/09\/M40-50x50.jpg 50w\" sizes=\"auto, (max-width: 150px) 100vw, 150px\" \/><\/a><\/p>\n<div>\n<div>Tutto cio&#8217; nel totale disinteresse e senza alcun aiuto da parte delle Amministrazioni Locali.<\/div>\n<\/div>\n<\/div>\n<p>Da diversi anni raccogliamo hardware obsoleto, lo restauriamo e lo rimettiamo in funzione, allo scopo di <strong>preservare il pi\u00f9 possibile la storia dell&#8217;Informatica<\/strong>: i computer salvati dalle discariche, o donati da visitatori e simpatizzanti, vengono puliti, riparati, testati e rimessi a nuovo. I loro supporti originali e la documentazione vengono preservati e conservati con cura. Tutto ci\u00f2 che facciamo \u00e8 frutto esclusivamente di volontariato.<\/p>\n<div><\/div>\n<div>Siamo anche stati inseriti nell&#8217;elenco delle <strong>attivit\u00e0 culturali <a href=\"http:\/\/museo.freaknet.org\/wp-content\/uploads\/2010\/09\/Image022.jpg\"><img loading=\"lazy\" decoding=\"async\" class=\"alignright wp-image-2652 size-thumbnail\" src=\"http:\/\/museo.freaknet.org\/wp-content\/uploads\/2010\/09\/Image022-150x150.jpg\" alt=\"Image022\" width=\"150\" height=\"150\" srcset=\"https:\/\/museo.freaknet.org\/wp-content\/uploads\/2010\/09\/Image022-150x150.jpg 150w, https:\/\/museo.freaknet.org\/wp-content\/uploads\/2010\/09\/Image022-50x50.jpg 50w\" sizes=\"auto, (max-width: 150px) 100vw, 150px\" \/><\/a>riconosciute dall&#8217;UNESCO<\/strong>, alle cui iniziative aderiamo spesso. Qui trovate un&#8217;intervista riguardo il nostro sviluppo di <a href=\"http:\/\/www.unesco.org\/archives\/multimedia\/index.php?s=films_details&amp;id_page=33&amp;id_film=1985\">sistemi di streaming in rete per la liberta&#8217; di espressione<\/a><\/div>\n<div><a href=\"http:\/\/museo.freaknet.org\/wp-content\/uploads\/2010\/09\/4.jpg\"><img loading=\"lazy\" decoding=\"async\" class=\"alignleft wp-image-2653 size-thumbnail\" src=\"http:\/\/museo.freaknet.org\/wp-content\/uploads\/2010\/09\/4-150x150.jpg\" alt=\"4\" width=\"150\" height=\"150\" srcset=\"https:\/\/museo.freaknet.org\/wp-content\/uploads\/2010\/09\/4-150x150.jpg 150w, https:\/\/museo.freaknet.org\/wp-content\/uploads\/2010\/09\/4-50x50.jpg 50w\" sizes=\"auto, (max-width: 150px) 100vw, 150px\" \/><\/a><\/div>\n<div>\n<div>Fin dagli anni 90 il nostro gruppo ha svolto attivit\u00e0 di formazione, ricerca e divulgazione scientifica relativamente all&#8217;Informatica, alla <strong>Libert\u00e0 di Informazione<\/strong> ed all&#8217;accesso alle tecnologie da parte dei meno abbienti.<\/div>\n<\/div>\n<p>Nel 1998, a Catania, abbiamo creato <strong>il primo laboratorio in Italia a fornire accesso libero e gratuito alla propria rete di computer connessi ad Internet<\/strong>, costruita riciclando hardware obsoleto; su questa rete fornivamo gratuitamente a chiunque un account su sistemi UNIX e GNU\/Linux e posta elettronica ad immigrati extracomunitari, senzatetto, viaggiatori ma anche a studenti universitari e famiglie.<\/p>\n<div><a href=\"http:\/\/museo.freaknet.org\/wp-content\/uploads\/2010\/09\/Meeting.jpg\"><img loading=\"lazy\" decoding=\"async\" class=\" size-thumbnail wp-image-2654 alignleft\" src=\"http:\/\/museo.freaknet.org\/wp-content\/uploads\/2010\/09\/Meeting-150x150.jpg\" alt=\"Meeting\" width=\"150\" height=\"150\" srcset=\"https:\/\/museo.freaknet.org\/wp-content\/uploads\/2010\/09\/Meeting-150x150.jpg 150w, https:\/\/museo.freaknet.org\/wp-content\/uploads\/2010\/09\/Meeting-50x50.jpg 50w\" sizes=\"auto, (max-width: 150px) 100vw, 150px\" \/><\/a><\/div>\n<p>Abbiamo tenuto <strong>corsi di formazione<\/strong> dal costo contenuto ed accessibili a chiunque, organizzato <strong>workshop e convegni<\/strong> sui pi\u00f9 disparati temi, come <strong>sicurezza informatica, programmazione, storia dell&#8217;informatica, libert\u00e0 dell&#8217;informazione, arte, ed altro ancora, presso scuole, istituti ed Universit\u00e0 di tutta Italia<\/strong>.<\/p>\n<div><a href=\"http:\/\/museo.freaknet.org\/wp-content\/uploads\/2010\/09\/Linz-2.jpg\"><img loading=\"lazy\" decoding=\"async\" class=\" size-thumbnail wp-image-2655 alignright\" src=\"http:\/\/museo.freaknet.org\/wp-content\/uploads\/2010\/09\/Linz-2-150x150.jpg\" alt=\"Linz-2\" width=\"150\" height=\"150\" srcset=\"https:\/\/museo.freaknet.org\/wp-content\/uploads\/2010\/09\/Linz-2-150x150.jpg 150w, https:\/\/museo.freaknet.org\/wp-content\/uploads\/2010\/09\/Linz-2-50x50.jpg 50w\" sizes=\"auto, (max-width: 150px) 100vw, 150px\" \/><\/a>Siamo stati invitati a tenere workshop e conferenze in diverse parti del mondo; si sono occupati di noi diversi media nazionali (Rai1, Rai2, Rai3, Canale5, Rete4, Tele Montecarlo, Radio3 Rai, Telepi\u00f9 2&#8242;).<\/div>\n<p>Abbiamo sviluppato e realizzato progetti culturali in <strong>India, Palestina, Iraq, Indonesia, Austria, Germania, Olanda<\/strong>; uno dei nostri programmatori\/sistemisti ha appena concluso una collaborazione con l<strong>&#8216;UNATEK University of Kibungo<\/strong> e con l<strong>&#8216;Associazione &#8220;Twese Hamwe&#8221;, in Rwanda<\/strong>.<\/p>\n<div><a href=\"http:\/\/museo.freaknet.org\/wp-content\/uploads\/2010\/09\/P4271585.jpg\"><img loading=\"lazy\" decoding=\"async\" class=\"size-thumbnail wp-image-2656 alignleft\" src=\"http:\/\/museo.freaknet.org\/wp-content\/uploads\/2010\/09\/P4271585-150x150.jpg\" alt=\"OLYMPUS DIGITAL CAMERA\" width=\"150\" height=\"150\" srcset=\"https:\/\/museo.freaknet.org\/wp-content\/uploads\/2010\/09\/P4271585-150x150.jpg 150w, https:\/\/museo.freaknet.org\/wp-content\/uploads\/2010\/09\/P4271585-50x50.jpg 50w\" sizes=\"auto, (max-width: 150px) 100vw, 150px\" \/><\/a>Riceviamo spesso visitatori da tutto il mondo ma, per chi non puo&#8217; fisicamente venire a trovarci, abbiamo messo online alcune macchine storiche, che sono raggiungibili 24 ore su 24, tutti i giorni, utilizzabili liberamente tramite accessi aperti per chiunque; \u00e8 anche possibile richiedere accessi personalizzati. Su questi computer storici abbiamo decine di visite al giorno, da tutto il mondo! I sistemi operativi disponibili sui computer online comprendono VMS, Irix, UNIX System V Rel. 3, RT-11, AIX, Solaris, MV\/OS ed altri ancora, su piattaforme Digital VAX e PDP-11, Sun, Silicon Graphics, IBM RS\/6000, Data General eccetera; i linguaggi di programmazione sono tantissimi, tra cui FORTRAN 77, ALGOL, ADA, LISP, COBOL, PASCAL. Non manca una collezione di programmi e giochi storici, compilati direttamente dai codici sorgente originali dei primi anni &#8217;70, come STARTREK, MORIA, NETHACK, ADVENTURE, COLOSSAL CAVE ed altri ancora!<\/div>\n<div>\n<div>\n<p><a href=\"http:\/\/museo.freaknet.org\/wp-content\/uploads\/2010\/09\/Sistemioperativi.jpg\"><img loading=\"lazy\" decoding=\"async\" class=\" size-thumbnail wp-image-2657 alignleft\" src=\"http:\/\/museo.freaknet.org\/wp-content\/uploads\/2010\/09\/Sistemioperativi-150x150.jpg\" alt=\"Sistemioperativi\" width=\"150\" height=\"150\" srcset=\"https:\/\/museo.freaknet.org\/wp-content\/uploads\/2010\/09\/Sistemioperativi-150x150.jpg 150w, https:\/\/museo.freaknet.org\/wp-content\/uploads\/2010\/09\/Sistemioperativi-50x50.jpg 50w\" sizes=\"auto, (max-width: 150px) 100vw, 150px\" \/><\/a><\/p>\n<div>\n<div>Su gran parte di questi sistemi \u00e8 disponibile un compilatore C, allo scopo di sperimentare la portabilit\u00e0 del codice sulle diverse architetture.<\/div>\n<\/div>\n<\/div>\n<\/div>\n<p>Il museo inoltre partecipa con i suoi sistemi Digital VAX\/VMS alla prima rete DECnet amatoriale italiana (<a href=\"http:\/\/decnet.ipv7.net\/\" rel=\"nofollow\">http:\/\/decnet.ipv7.net<\/a>), la quale conta una quarantina di nodi tra sistemi VAX, Alpha, TOPS e Itanium, parte dei quali liberamente accessibili tramite utenza\u00a0<em>guest <\/em>o<em> luther<\/em>\u00a0dall&#8217;interno e dall&#8217;esterno della rete stessa (<a href=\"http:\/\/decnet.ipv7.net\/gatetab.html\" rel=\"nofollow\">http:\/\/decnet.ipv7.net\/gatetab.html<\/a>)<\/p>","protected":false},"excerpt":{"rendered":"<p>Il\u00a0Museo dell&#8217;Informatica Funzionante\u00a0nasce nel 1994 da un&#8217;idea di Gabriele &#8220;asbesto&#8221; Zaverio, dapprima come semplice collezione di vecchi computer, allo scopo<\/p>\n","protected":false},"author":2,"featured_media":0,"parent":724,"menu_order":0,"comment_status":"closed","ping_status":"closed","template":"","meta":{"colormag_page_container_layout":"default_layout","colormag_page_sidebar_layout":"default_layout","footnotes":""},"class_list":["post-668","page","type-page","status-publish","hentry"],"yoast_head":"<!-- This site is optimized with the Yoast SEO plugin v27.4 - https:\/\/yoast.com\/product\/yoast-seo-wordpress\/ -->\n<title>Storia - Museo dell&#039;Informatica Funzionante<\/title>\n<meta name=\"robots\" content=\"index, follow, max-snippet:-1, max-image-preview:large, max-video-preview:-1\" \/>\n<link rel=\"canonical\" href=\"https:\/\/museo.freaknet.org\/it\/chisiamo\/storia\/\" \/>\n<meta property=\"og:locale\" content=\"it_IT\" \/>\n<meta property=\"og:type\" content=\"article\" \/>\n<meta property=\"og:title\" content=\"Storia - Museo dell&#039;Informatica Funzionante\" \/>\n<meta property=\"og:description\" content=\"Il\u00a0Museo dell&#8217;Informatica Funzionante\u00a0nasce nel 1994 da un&#8217;idea di Gabriele &#8220;asbesto&#8221; Zaverio, dapprima come semplice collezione di vecchi computer, allo scopo\" \/>\n<meta property=\"og:url\" content=\"https:\/\/museo.freaknet.org\/it\/chisiamo\/storia\/\" \/>\n<meta property=\"og:site_name\" content=\"Museo dell&#039;Informatica Funzionante\" \/>\n<meta property=\"article:publisher\" content=\"https:\/\/www.facebook.com\/MuseoInformaticaFunzionante?fref=ts\" \/>\n<meta property=\"article:modified_time\" content=\"2025-08-29T13:37:46+00:00\" \/>\n<meta property=\"og:image\" content=\"https:\/\/museo.freaknet.org\/wp-content\/uploads\/2010\/09\/M40.jpg\" \/>\n\t<meta property=\"og:image:width\" content=\"234\" \/>\n\t<meta property=\"og:image:height\" content=\"327\" \/>\n\t<meta property=\"og:image:type\" content=\"image\/jpeg\" \/>\n<meta name=\"twitter:card\" content=\"summary_large_image\" \/>\n<meta name=\"twitter:site\" content=\"@freaknetmuseum\" \/>\n<meta name=\"twitter:label1\" content=\"Tempo di lettura stimato\" \/>\n\t<meta name=\"twitter:data1\" content=\"6 minuti\" \/>\n<script type=\"application\/ld+json\" class=\"yoast-schema-graph\">{\"@context\":\"https:\\\/\\\/schema.org\",\"@graph\":[{\"@type\":\"WebPage\",\"@id\":\"https:\\\/\\\/museo.freaknet.org\\\/it\\\/chisiamo\\\/storia\\\/\",\"url\":\"https:\\\/\\\/museo.freaknet.org\\\/it\\\/chisiamo\\\/storia\\\/\",\"name\":\"Storia - Museo dell&#039;Informatica Funzionante\",\"isPartOf\":{\"@id\":\"https:\\\/\\\/museo.freaknet.org\\\/it\\\/#website\"},\"primaryImageOfPage\":{\"@id\":\"https:\\\/\\\/museo.freaknet.org\\\/it\\\/chisiamo\\\/storia\\\/#primaryimage\"},\"image\":{\"@id\":\"https:\\\/\\\/museo.freaknet.org\\\/chisiamo\\\/storia\\\/#primaryimage\"},\"thumbnailUrl\":\"http:\\\/\\\/museo.freaknet.org\\\/wp-content\\\/uploads\\\/2010\\\/09\\\/M40-150x150.jpg\",\"datePublished\":\"2010-09-15T08:20:47+00:00\",\"dateModified\":\"2025-08-29T13:37:46+00:00\",\"breadcrumb\":{\"@id\":\"https:\\\/\\\/museo.freaknet.org\\\/it\\\/chisiamo\\\/storia\\\/#breadcrumb\"},\"inLanguage\":\"it-IT\",\"potentialAction\":[{\"@type\":\"ReadAction\",\"target\":[[\"https:\\\/\\\/museo.freaknet.org\\\/it\\\/chisiamo\\\/storia\\\/\"]]}]},{\"@type\":\"ImageObject\",\"inLanguage\":\"it-IT\",\"@id\":\"https:\\\/\\\/museo.freaknet.org\\\/it\\\/chisiamo\\\/storia\\\/#primaryimage\",\"url\":\"http:\\\/\\\/museo.freaknet.org\\\/wp-content\\\/uploads\\\/2010\\\/09\\\/M40-150x150.jpg\",\"contentUrl\":\"http:\\\/\\\/museo.freaknet.org\\\/wp-content\\\/uploads\\\/2010\\\/09\\\/M40-150x150.jpg\"},{\"@type\":\"BreadcrumbList\",\"@id\":\"https:\\\/\\\/museo.freaknet.org\\\/it\\\/chisiamo\\\/storia\\\/#breadcrumb\",\"itemListElement\":[{\"@type\":\"ListItem\",\"position\":1,\"name\":\"Home\",\"item\":\"https:\\\/\\\/museo.freaknet.org\\\/it\\\/\"},{\"@type\":\"ListItem\",\"position\":2,\"name\":\"Chi siamo\",\"item\":\"https:\\\/\\\/museo.freaknet.org\\\/it\\\/chisiamo\\\/\"},{\"@type\":\"ListItem\",\"position\":3,\"name\":\"Storia\"}]},{\"@type\":\"WebSite\",\"@id\":\"https:\\\/\\\/museo.freaknet.org\\\/it\\\/#website\",\"url\":\"https:\\\/\\\/museo.freaknet.org\\\/it\\\/\",\"name\":\"Museo dell&#039;Informatica Funzionante\",\"description\":\"Computer Museum\",\"publisher\":{\"@id\":\"https:\\\/\\\/museo.freaknet.org\\\/it\\\/#organization\"},\"potentialAction\":[{\"@type\":\"SearchAction\",\"target\":{\"@type\":\"EntryPoint\",\"urlTemplate\":\"https:\\\/\\\/museo.freaknet.org\\\/it\\\/?s={search_term_string}\"},\"query-input\":{\"@type\":\"PropertyValueSpecification\",\"valueRequired\":true,\"valueName\":\"search_term_string\"}}],\"inLanguage\":\"it-IT\"},{\"@type\":\"Organization\",\"@id\":\"https:\\\/\\\/museo.freaknet.org\\\/it\\\/#organization\",\"name\":\"Museo dell'Informatica Funzionante\",\"url\":\"https:\\\/\\\/museo.freaknet.org\\\/it\\\/\",\"logo\":{\"@type\":\"ImageObject\",\"inLanguage\":\"it-IT\",\"@id\":\"https:\\\/\\\/museo.freaknet.org\\\/it\\\/#\\\/schema\\\/logo\\\/image\\\/\",\"url\":\"https:\\\/\\\/museo.freaknet.org\\\/wp-content\\\/uploads\\\/2023\\\/10\\\/logomuseook-e1698601667567.jpg\",\"contentUrl\":\"https:\\\/\\\/museo.freaknet.org\\\/wp-content\\\/uploads\\\/2023\\\/10\\\/logomuseook-e1698601667567.jpg\",\"width\":127,\"height\":150,\"caption\":\"Museo dell'Informatica Funzionante\"},\"image\":{\"@id\":\"https:\\\/\\\/museo.freaknet.org\\\/it\\\/#\\\/schema\\\/logo\\\/image\\\/\"},\"sameAs\":[\"https:\\\/\\\/www.facebook.com\\\/MuseoInformaticaFunzionante?fref=ts\",\"https:\\\/\\\/x.com\\\/freaknetmuseum\",\"https:\\\/\\\/instagram.com\\\/instamusif\\\/\",\"https:\\\/\\\/www.pinterest.com\\\/museocomputer\\\/musif\\\/\"]}]}<\/script>\n<!-- \/ Yoast SEO plugin. -->","yoast_head_json":{"title":"Storia - Museo dell&#039;Informatica Funzionante","robots":{"index":"index","follow":"follow","max-snippet":"max-snippet:-1","max-image-preview":"max-image-preview:large","max-video-preview":"max-video-preview:-1"},"canonical":"https:\/\/museo.freaknet.org\/it\/chisiamo\/storia\/","og_locale":"it_IT","og_type":"article","og_title":"Storia - Museo dell&#039;Informatica Funzionante","og_description":"Il\u00a0Museo dell&#8217;Informatica Funzionante\u00a0nasce nel 1994 da un&#8217;idea di Gabriele &#8220;asbesto&#8221; Zaverio, dapprima come semplice collezione di vecchi computer, allo scopo","og_url":"https:\/\/museo.freaknet.org\/it\/chisiamo\/storia\/","og_site_name":"Museo dell&#039;Informatica Funzionante","article_publisher":"https:\/\/www.facebook.com\/MuseoInformaticaFunzionante?fref=ts","article_modified_time":"2025-08-29T13:37:46+00:00","og_image":[{"width":234,"height":327,"url":"https:\/\/museo.freaknet.org\/wp-content\/uploads\/2010\/09\/M40.jpg","type":"image\/jpeg"}],"twitter_card":"summary_large_image","twitter_site":"@freaknetmuseum","twitter_misc":{"Tempo di lettura stimato":"6 minuti"},"schema":{"@context":"https:\/\/schema.org","@graph":[{"@type":"WebPage","@id":"https:\/\/museo.freaknet.org\/it\/chisiamo\/storia\/","url":"https:\/\/museo.freaknet.org\/it\/chisiamo\/storia\/","name":"Storia - Museo dell&#039;Informatica Funzionante","isPartOf":{"@id":"https:\/\/museo.freaknet.org\/it\/#website"},"primaryImageOfPage":{"@id":"https:\/\/museo.freaknet.org\/it\/chisiamo\/storia\/#primaryimage"},"image":{"@id":"https:\/\/museo.freaknet.org\/chisiamo\/storia\/#primaryimage"},"thumbnailUrl":"http:\/\/museo.freaknet.org\/wp-content\/uploads\/2010\/09\/M40-150x150.jpg","datePublished":"2010-09-15T08:20:47+00:00","dateModified":"2025-08-29T13:37:46+00:00","breadcrumb":{"@id":"https:\/\/museo.freaknet.org\/it\/chisiamo\/storia\/#breadcrumb"},"inLanguage":"it-IT","potentialAction":[{"@type":"ReadAction","target":[["https:\/\/museo.freaknet.org\/it\/chisiamo\/storia\/"]]}]},{"@type":"ImageObject","inLanguage":"it-IT","@id":"https:\/\/museo.freaknet.org\/it\/chisiamo\/storia\/#primaryimage","url":"http:\/\/museo.freaknet.org\/wp-content\/uploads\/2010\/09\/M40-150x150.jpg","contentUrl":"http:\/\/museo.freaknet.org\/wp-content\/uploads\/2010\/09\/M40-150x150.jpg"},{"@type":"BreadcrumbList","@id":"https:\/\/museo.freaknet.org\/it\/chisiamo\/storia\/#breadcrumb","itemListElement":[{"@type":"ListItem","position":1,"name":"Home","item":"https:\/\/museo.freaknet.org\/it\/"},{"@type":"ListItem","position":2,"name":"Chi siamo","item":"https:\/\/museo.freaknet.org\/it\/chisiamo\/"},{"@type":"ListItem","position":3,"name":"Storia"}]},{"@type":"WebSite","@id":"https:\/\/museo.freaknet.org\/it\/#website","url":"https:\/\/museo.freaknet.org\/it\/","name":"Museo dell&#039;Informatica Funzionante","description":"Computer Museum","publisher":{"@id":"https:\/\/museo.freaknet.org\/it\/#organization"},"potentialAction":[{"@type":"SearchAction","target":{"@type":"EntryPoint","urlTemplate":"https:\/\/museo.freaknet.org\/it\/?s={search_term_string}"},"query-input":{"@type":"PropertyValueSpecification","valueRequired":true,"valueName":"search_term_string"}}],"inLanguage":"it-IT"},{"@type":"Organization","@id":"https:\/\/museo.freaknet.org\/it\/#organization","name":"Museo dell'Informatica Funzionante","url":"https:\/\/museo.freaknet.org\/it\/","logo":{"@type":"ImageObject","inLanguage":"it-IT","@id":"https:\/\/museo.freaknet.org\/it\/#\/schema\/logo\/image\/","url":"https:\/\/museo.freaknet.org\/wp-content\/uploads\/2023\/10\/logomuseook-e1698601667567.jpg","contentUrl":"https:\/\/museo.freaknet.org\/wp-content\/uploads\/2023\/10\/logomuseook-e1698601667567.jpg","width":127,"height":150,"caption":"Museo dell'Informatica Funzionante"},"image":{"@id":"https:\/\/museo.freaknet.org\/it\/#\/schema\/logo\/image\/"},"sameAs":["https:\/\/www.facebook.com\/MuseoInformaticaFunzionante?fref=ts","https:\/\/x.com\/freaknetmuseum","https:\/\/instagram.com\/instamusif\/","https:\/\/www.pinterest.com\/museocomputer\/musif\/"]}]}},"_links":{"self":[{"href":"https:\/\/museo.freaknet.org\/it\/wp-json\/wp\/v2\/pages\/668","targetHints":{"allow":["GET"]}}],"collection":[{"href":"https:\/\/museo.freaknet.org\/it\/wp-json\/wp\/v2\/pages"}],"about":[{"href":"https:\/\/museo.freaknet.org\/it\/wp-json\/wp\/v2\/types\/page"}],"author":[{"embeddable":true,"href":"https:\/\/museo.freaknet.org\/it\/wp-json\/wp\/v2\/users\/2"}],"replies":[{"embeddable":true,"href":"https:\/\/museo.freaknet.org\/it\/wp-json\/wp\/v2\/comments?post=668"}],"version-history":[{"count":26,"href":"https:\/\/museo.freaknet.org\/it\/wp-json\/wp\/v2\/pages\/668\/revisions"}],"predecessor-version":[{"id":3736,"href":"https:\/\/museo.freaknet.org\/it\/wp-json\/wp\/v2\/pages\/668\/revisions\/3736"}],"up":[{"embeddable":true,"href":"https:\/\/museo.freaknet.org\/it\/wp-json\/wp\/v2\/pages\/724"}],"wp:attachment":[{"href":"https:\/\/museo.freaknet.org\/it\/wp-json\/wp\/v2\/media?parent=668"}],"curies":[{"name":"wp","href":"https:\/\/api.w.org\/{rel}","templated":true}]}}