{"id":824,"date":"2012-03-10T19:14:25","date_gmt":"2012-03-10T19:14:25","guid":{"rendered":"http:\/\/museonew.freaknet.org\/?page_id=824"},"modified":"2025-08-29T15:37:47","modified_gmt":"2025-08-29T13:37:47","slug":"rassegna-stampa","status":"publish","type":"page","link":"https:\/\/museo.freaknet.org\/en\/rassegna-stampa\/","title":{"rendered":"Press review"},"content":{"rendered":"<p>This is a complete press release about everything related to all groups that create the Museum. It&#8217;s formed by articles by press, radio and tv specials, books, publications, university researchs and Degree thesis related to us.<\/p>\n<p>It&#8217;s almost in Italian language, sorry!<\/p>\n<h2>Press<\/h2>\n<ul>\n<li>Article in ctzen.it, 27 Marzo 2012:\u00a0<span style=\"color: #ff6600;\"><a style=\"color: #ff6600;\" href=\"http:\/\/ctzen.it\/2012\/03\/27\/asbesto-co-hacktivism-alla-siciliana-anonymous-usa-metodi-sbagliati\/\" rel=\"nofollow\">[1]<\/a><\/span><\/li>\n<li>Article in OH Magazine, Marzo 2012:\u00a0<span style=\"color: #ff6600;\"><a style=\"color: #ff6600;\" href=\"http:\/\/www.weopenhouse.it\/blog\/2012\/03\/10\/museo-dellinformatica-funzionate\/\" rel=\"nofollow\">[2]<\/a><\/span><\/li>\n<li>Article in Focus.it, 27 Febbraio 2012:\u00a0<span style=\"color: #ff6600;\"><a style=\"color: #ff6600;\" href=\"http:\/\/blog.focus.it\/tecno-zapping\/2012\/02\/27\/la-storia-del-computer-inizia-da-qui\/\" rel=\"nofollow\">[3]<\/a><\/span><\/li>\n<li>Article in ITALIC N.8, Dicembre 2011\/Gennaio 2012:\u00a0<span style=\"color: #ff6600;\"><a style=\"color: #ff6600;\" href=\"http:\/\/www.italicnews.it\/2011\/12\/10\/hacker-vs-mafia-2\/\" rel=\"nofollow\">[4]<\/a><\/span><\/li>\n<li>Article in SiciliaOggi, giornale locale di Siracusa:\u00a0<span style=\"color: #ff6600;\"><a style=\"color: #ff6600;\" href=\"http:\/\/museo.freaknet.org\/images\/c\/cb\/Articolo_sicilia_oggi_museo_low.png\" rel=\"nofollow\">[5]<\/a><\/span><\/li>\n<li><a href=\"http:\/\/museo.freaknet.org\/images\/c\/c5\/Asudeuropa.pdf\" rel=\"nofollow\"><span style=\"color: #ff6600;\">Article<\/span> in &#8220;A sud&#8217;europa&#8221;, pubblicazione del Centro Pio La Torre, Anno 4, n.14, pagina 29<\/a><\/li>\n<li><a href=\"http:\/\/brunoballardini.nova100.ilsole24ore.com\/2010\/04\/innovazione-innnnnovazione.html\" rel=\"nofollow\"><span style=\"color: #ff6600;\">Bruno<\/span> Ballardini on Nova, from Il Sole 24 Ore<\/a><\/li>\n<li><a href=\"http:\/\/palermo.repubblica.it\/cronaca\/2010\/04\/09\/foto\/in_sicilia_il_museo_dei_vecchi_computer-3230152\/1\/\" rel=\"nofollow\"><span style=\"color: #ff6600;\">La Repubblica<\/span>, Palermo, online edition: photographic service<\/a><\/li>\n<li><a href=\"http:\/\/www.wired.it\/magazine\/archivio\/2010\/02\/storie\/ntskk---codice-segreto-rivoluzione.aspx\" rel=\"nofollow\"><span style=\"color: #ff6600;\">Wired Magazine<\/span>. February, italian edition italiana: cover depicting Alpt, articles on Netsukuku project by \u00a0Freaknet and about Museo dell&#8217;Informatica Funzionante<\/a><\/li>\n<li><a href=\"http:\/\/www.youtube.com\/watch?v=WPL5jJ8RUHw\" rel=\"nofollow\">Rai 3, video for Geo &amp; Geo<\/a><\/li>\n<li><a href=\"http:\/\/museo.freaknet.org\/index.php\/Immagine:Lasicilia23082008.JPG\" rel=\"nofollow\">La Sicilia 23 August 2008<\/a><\/li>\n<li><a href=\"http:\/\/museo.freaknet.org\/index.php\/Immagine:Lasicilia24082008.jpg\" rel=\"nofollow\">La Sicilia 24 August 2008<\/a><\/li>\n<li><a href=\"http:\/\/museo.freaknet.org\/index.php\/Immagine:Lasicilia29082008.jpg\" rel=\"nofollow\">La sicilia 29 Agosto 2008<\/a><\/li>\n<li><a href=\"http:\/\/museo.freaknet.org\/index.php\/Immagine:Lasicilia04092008.jpg\" rel=\"nofollow\">La Sicilia 04 September 2008<\/a><\/li>\n<li><span style=\"color: #ff6600;\"><a style=\"color: #ff6600;\" href=\"http:\/\/freaknet.org\/hacklab\/rassegna_stampa\/articolo-freaknet-primo_freaktea.pdf\" rel=\"nofollow\">http:\/\/freaknet.org\/hacklab\/rassegna_stampa\/articolo-freaknet-primo_freaktea.pdf<\/a>\u00a0<\/span>La Sicilia, 26 february 2003 &#8211; Il circolo degli hacker! Il t\u00e8 delle cinque di un gruppo di &#8216;liberi pensatori&#8217; armati di computer. Lo sfrattato &#8216;FreakNet MediaLab&#8217; diventa intinerante &#8211; about our eviction from Catania<\/li>\n<li><span style=\"color: #ff6600;\"><a style=\"color: #ff6600;\" href=\"http:\/\/it.youtube.com\/watch?v=vNf3szvNJiY\" rel=\"nofollow\">Mondo hacker, documentary for Tele+2 (now Sky TV), 2001<\/a><\/span><\/li>\n<\/ul>\n<h2>Books<\/h2>\n<ul>\n<li><a href=\"http:\/\/www.terre.it\/libri\/articoli\/611.html\" rel=\"nofollow\">\u201cTutto da rifare. Manuale pratico di riuso, riciclo, riparazione e baratto\u201d<\/a>\u00a0di Pietro Luppi<\/li>\n<li><span style=\"color: #ff6600;\"><a style=\"color: #ff6600;\" href=\"http:\/\/www.apogeonline.com\/openpress\/libri\/529\/\" rel=\"nofollow\">Italian Crackdown<\/a><\/span>\u00a0di Carlo Gubitosa<\/li>\n<li><a href=\"http:\/\/www.classicistranieri.com\/letturecreative\/PDF\/hacktivism.pdf\" rel=\"nofollow\">&#8220;Hacktivism: la liberta&#8217; nelle maglie della rete&#8221;, di A.Di Corinto, T.Tozzi, Manifesto Libri, Roma 2002<\/a><\/li>\n<li><a href=\"http:\/\/books.google.com\/books?hl=en&amp;lr=&amp;id=vLbSCFblSbgC&amp;oi=fnd&amp;pg=PA31&amp;dq=freaknet+&amp;ots=nC4w1NkRxb&amp;sig=29z6i8nNaM_WQBZF6EJH_tEuS_I\" rel=\"nofollow\">Revolution Os II: Software Libero, Proprieta&#8217; Intellettuale, Cultura e Politica, di A. Di Corinto, Apogeo, 2006<\/a><\/li>\n<li><a href=\"http:\/\/www.hopfrog.it\/biblioteca_online\/informatica\/NETWORKING-la_rete_come_arte.pdf\" rel=\"nofollow\">Tatiana Bazzichelli, Networking &#8211; La rete come arte; Prefazione di Derrick de Kerckhove, Costa &amp; Nolan, 2006<\/a>; also in english here:\u00a0<a href=\"http:\/\/www.networkingart.eu\/pdf\/networking_bazzichelli.pdf\" rel=\"nofollow\">http:\/\/www.networkingart.eu\/pdf\/networking_bazzichelli.pdf<\/a><\/li>\n<li><a href=\"http:\/\/books.google.com\/books?hl=en&amp;lr=&amp;id=2j21LHAjAQwC&amp;oi=fnd&amp;pg=PA102&amp;dq=freaknet+&amp;ots=m2unUdpqg8&amp;sig=Z9XBFVlNgvEH_G0zA5EakdlFwR8#v=onepage&amp;q=freaknet&amp;f=false\" rel=\"nofollow\">Deptford.TV Diaries By Deptford Tv Collective, 2006<\/a><\/li>\n<li><a href=\"http:\/\/www.istitutomajorana.it\/scarica\/passare_software_libero_vivere_felici.pdf\" rel=\"nofollow\">http:\/\/www.istitutomajorana.it\/scarica\/passare_software_libero_vivere_felici.pdf<\/a>\u00a0Come passare al software libero e vivere felici, di Stefano Barale, 2003<\/li>\n<\/ul>\n<ul>\n<li><a href=\"http:\/\/books.google.com\/books?hl=en&amp;lr=&amp;id=qsxF7oczlH4C&amp;oi=fnd&amp;pg=PA1&amp;dq=freaknet+&amp;ots=HyqtVgiAme&amp;sig=biXABn43D5JHFjabSgVz65pV5Ag#v=onepage&amp;q=freaknet&amp;f=false\" rel=\"nofollow\">Manuale di Informatica per Avvocati, Francesco Celentano, UTET Giuridica<\/a><\/li>\n<li><a href=\"http:\/\/onlineci.ru\/oci-print.pdf\" rel=\"nofollow\">\u0418\u0441\u0441\u043b\u0435\u0434\u043e\u0432\u0430\u043d\u0438\u044f \u043a\u043e\u043d\u043a\u0443\u0440\u0435\u043d\u0442\u043e\u0432 \u0447\u0435\u0440\u0435\u0437 \u0418\u043d\u0442\u0435\u0440\u043d\u0435\u0442 \u0412\u0432\u0435\u0434\u0435\u043d\u0438\u0435 &#8211; Online Competitive Intelligence Introduction<\/a><\/li>\n<li><a href=\"http:\/\/books.google.com\/books?id=fOAWAQAAIAAJ\" rel=\"nofollow\">Vite disobbedienti: don Vitaliano Della Sala e Francesco Caruso, autobiografie parallele &#8211; L.Scateni; C.Gubitosa; R.Moscarelli, Intra moenia 2003<\/a><\/li>\n<li><a href=\"http:\/\/books.google.com\/books?id=kDuEFn2hSw4C&amp;pg=PA231\" rel=\"nofollow\">Engineering culture: on &#8216;the author as (digital) producer&#8217; By Geoff Cox, Joasia Krysa, 2005<\/a><\/li>\n<li><a href=\"http:\/\/books.google.com\/books?id=4MBJ7ayiR3wC\" rel=\"nofollow\">Net. Art. L&#8217;arte della connessione By Marco Deseriis, Giuseppe Marano, Shake Edizioni 2008<\/a><\/li>\n<li><a href=\"http:\/\/www.lulu.com\/product\/a-copertina-morbida\/estrazioni-dal-weblog\/716046\" rel=\"nofollow\">Estrazioni Dal Weblog By Mirko &#8220;Grizzly&#8221; Tuccitto<\/a><\/li>\n<li><a href=\"http:\/\/books.google.com\/books?id=7-cnAQAAIAAJ\" rel=\"nofollow\">Hacktivism, e-music, new media art, Issues 20-27, 2003<\/a><\/li>\n<li><a href=\"http:\/\/books.google.com\/books?id=GPEnAQAAIAAJ\" rel=\"nofollow\">By M. Izvestnija, Latvijas Nacion\u0101l\u0101 bibliot\u0113ka. Letonikas nodal\u0326a<\/a><\/li>\n<\/ul>\n<h2>Thesis, Research, Scientific papers, catalogs of conferences and exibitions<\/h2>\n<ul>\n<li><a href=\"http:\/\/books.google.com\/books?id=8wwnAQAAIAAJ\" rel=\"nofollow\">Ars Electronica 2007\u00a0: Festival f\u00fcr Kunst, Technologie und Gesellschaft edited by Gerfried Stocker, Christine Sch\u00f6pf, Linz, 2007<\/a><\/li>\n<li><a href=\"http:\/\/books.google.com\/books?id=eAYnAQAAIAAJ\" rel=\"nofollow\">Cyberarts 2005 &#8211; Compendium of computer arts from the competition Prix Ars Electronica, Linz<\/a><\/li>\n<li><a href=\"http:\/\/www.generativeart.com\/on\/cic\/papersGA2008\/24.pdf\" rel=\"nofollow\">Aldo Cesar Faga&#8217;: Ecolutive Systems &#8211; GA2008, 11th Generative Art Conference, Atti del convegno, Milano 2008<\/a><\/li>\n<li><a href=\"http:\/\/pamelapresti.altervista.org\/Hacker%20def.doc\" rel=\"nofollow\">Condividere per migliorare il mondo, di Pamela Presti, 2007<\/a><\/li>\n<li><a href=\"http:\/\/books.google.com\/books?hl=en&amp;lr=&amp;id=F6sUp-kPFzwC&amp;oi=fnd&amp;pg=PA165&amp;dq=freaknet+&amp;ots=eBejRmywv3&amp;sig=jF4YJiz6U6KHUnVvZfu6v9M0Dac\" rel=\"nofollow\">Incommunicado reader, By Geert Lovink, Soenke Zehle<\/a><\/li>\n<li><a href=\"http:\/\/www.peacelink.it\/mediawatch\/docs\/1248.pdf\" rel=\"nofollow\">Nuovi media e comunicazione politica indipendente: Indymedia tra attivismo e hacktivismo no-global &#8211; Falcolta&#8217; di Lettere e Filosofia dell&#8217;Universita&#8217; di Siena: Tesi di Laurea di Maria Teresa Paoli in Scienze della Comunicazione<\/a><\/li>\n<li><a href=\"http:\/\/www.ana-project.org\/deliverables\/2007\/ana-d2.6-final.pdf\" rel=\"nofollow\">Sixth Framework Programme, Priority P6-2004-IST-4, Situated and Autonomic Communications (SAC)<\/a><\/li>\n<li><a href=\"http:\/\/www.miescuelayelmundo.org\/IMG\/pdf\/hacktivismo.pdf\" rel=\"nofollow\">JOVENES, HACKTIVISMO Y SOCIEDAD DE LA INFORMACION, Juan Carlos Aceros Gualdr\u00f3n, Universitat Aut\u00f2noma de Barcelona, 2006<\/a><\/li>\n<li><a href=\"http:\/\/citeseerx.ist.psu.edu\/viewdoc\/download?doi=10.1.1.123.3558&amp;rep=rep1&amp;type=pdf\" rel=\"nofollow\">Mapping Web Space with the Issuecrawler, by Richard Rogers<\/a><\/li>\n<li><a href=\"http:\/\/scherpenisse.net\/media\/attachment\/2009\/11\/15\/process-art-20090605.pdf\" rel=\"nofollow\">PROCESS ART &#8211; Het software-proces als leidraad in de nieuwe-mediakunst, by Arjan Scherpenisse, 2009<\/a><\/li>\n<li><a href=\"http:\/\/svn2.assembla.com\/svn\/tesiclauz\/cdrom\/cdcontents\/trustedrouting-final.pdf\" rel=\"nofollow\">Trusted Routing in Wireless Community Mesh Networks &#8211; Claudio Pisa (NINUX.ORG), Francesco Saverio Proto (Universita&#8217; degli studi di Roma Tor Vergata)<\/a><\/li>\n<li><a href=\"http:\/\/www.tesionline.it\/default\/tesi.asp?idt=27216\" rel=\"nofollow\">L\u2019evoluzione del marketing nell&#8217;era del web: il caso Facebook, di Francesco Berni &#8211; Tesi di Laurea in Economia Aziendale, Universita&#8217; della Tuscia<\/a><\/li>\n<li><a href=\"http:\/\/journals.cambridge.org\/action\/displayAbstract?fromPage=online&amp;aid=851596\" rel=\"nofollow\">Constructive analysis, types and exact real numbers, by Geuvers, H. Niqui, M. Spitters, B. Wiedijk, F. &#8211; MATHEMATICAL STRUCTURES IN COMPUTER SCIENCE, Cambridge University, 2007, VOL 17; NUMB 1, pages 3-36<\/a><\/li>\n<li><a href=\"http:\/\/www.peacelink.it\/mediawatch\/docs\/1767.pdf\" rel=\"nofollow\">INDYMEDIA ITALIA: QUANDO GLI HACKER FANNO POLITICA, Tesi di Laurea in Teoria e Tecniche delle Comunicazioni di Massa di Carlo Beschi, UNIVERSITA\u2019 DEGLI STUDI DI BOLOGNA, FACOLTA\u2019 DI LETTERE E FILOSOFIA, Corso di Laurea in Scienze della Comunicazione 2005<\/a><\/li>\n<\/ul>\n<h2>Audio<\/h2>\n<ul>\n<li><a href=\"http:\/\/www.radio.rai.it\/radio3\/view.cfm?Q_EV_ID=78559\" rel=\"nofollow\">RAI, Il Terzo Anello, Radio3 Scienza: Intervista ad Asbesto<\/a><\/li>\n<\/ul>\n<h2>Video<\/h2>\n<ul>\n<li><a href=\"http:\/\/it.youtube.com\/watch?v=XWxyiYJYoGk\" rel=\"nofollow\">Poetry hacklab, a short video by Fredd<\/a><\/li>\n<li><a href=\"http:\/\/it.youtube.com\/watch?v=rBIiSoCjwP8\" rel=\"nofollow\">Archeologia Post-Industriale by Valvo<\/a><\/li>\n<li><a href=\"http:\/\/www.ngvision.org\/mediabase\/43\" rel=\"nofollow\">Mondo Hacker, Documentario di Tele+2 (Sky TV) completo<\/a><\/li>\n<li><a href=\"http:\/\/www.archive.org\/download\/Freaknet\/linuxday2004.avi\" rel=\"nofollow\">Nostri interventi al Linux Day 2004, Catania<\/a><\/li>\n<li><a href=\"http:\/\/freaknet.org\/events\/speech\/sicilialinuxjointday2004\/video\/ljd.avi\" rel=\"nofollow\">&#8211; Sicilia Linux JointDay 2004<\/a><\/li>\n<\/ul>\n<h2>Internet articles<\/h2>\n<ul>\n<li><a href=\"http:\/\/it.wikipedia.org\/wiki\/Hacker\" rel=\"nofollow\">http:\/\/it.wikipedia.org\/wiki\/Hacker<\/a><\/li>\n<li><a href=\"http:\/\/it.wikipedia.org\/wiki\/Hacklab\" rel=\"nofollow\">http:\/\/it.wikipedia.org\/wiki\/Hacklab<\/a><\/li>\n<li><a href=\"http:\/\/it.wikipedia.org\/wiki\/FreakNet\" rel=\"nofollow\">http:\/\/it.wikipedia.org\/wiki\/FreakNet<\/a><\/li>\n<li><a href=\"http:\/\/www.unesco-ci.org\/cgi-bin\/portals\/archives\/search.cgi?d=1&amp;query=freaknet&amp;search2=GO\" rel=\"nofollow\">http:\/\/www.unesco-ci.org\/cgi-bin\/portals\/archives\/search.cgi?d=1&amp;query=freaknet&amp;search2=GO<\/a><\/li>\n<li><a href=\"http:\/\/www.unesco-ci.org\/cgi-bin\/portals\/foss\/search.cgi?query=freaknet&amp;search2=GO\" rel=\"nofollow\">http:\/\/www.unesco-ci.org\/cgi-bin\/portals\/foss\/search.cgi?query=freaknet&amp;search2=GO<\/a><\/li>\n<li><a href=\"http:\/\/www.unesco-ci.org\/cgi-bin\/portals\/foss\/search.cgi?d=1&amp;query=dyne&amp;search2=GO\" rel=\"nofollow\">http:\/\/www.unesco-ci.org\/cgi-bin\/portals\/foss\/search.cgi?d=1&amp;query=dyne&amp;search2=GO<\/a><\/li>\n<li><a href=\"http:\/\/www.girodivite.it\/Freaknet-Medialab-e-Poetry-Hacklab.html\" rel=\"nofollow\">Freaknet Medialab e Poetry Hacklab: un modo intelligente e moderno di fare associazione<\/a>\u00a0www.girodivite.it<\/li>\n<li><a href=\"http:\/\/www.girodivite.it\/+Dal-28-al-31-Agosto-2008-Palazzolo+.html\" rel=\"nofollow\">Dal 28 al 31 Agosto 2008 &#8211; Palazzolo Acreide (SR)- ARCHEOLOGIA POST-INDUSTRIALE Esposizione interattiva di computer storici funzionanti, software, accessori, documentazione, calcolatrici antiche &#8211;<\/a>\u00a0www.girodivite.it<\/li>\n<li><a href=\"http:\/\/095.bloglist.it\/2008\/08\/27\/archeologia-post-industriale-a-palazzolo-acreide\/\" rel=\"nofollow\">Archeologia post-industriale a Palazzolo Acreide<\/a>\u00a0&#8211; 095 Il blog di Catania e dintorni<\/li>\n<li><a href=\"http:\/\/www.iblon.it\/index.php?option=com_content&amp;view=article&amp;id=9823\" rel=\"nofollow\">&#8220;ARCHEOLOGIA POST-INDUSTRIALE&#8221;, ESPOSIZIONE INTERATTIVA DI PC STORICI<\/a>\u00a0&#8211; www.iblon.it Testata Giornalistica Online<\/li>\n<li><a href=\"http:\/\/pollycoke.net\/2008\/08\/23\/archeologia-informatica-a-palazzolo-acreide-sr\/\" rel=\"nofollow\">Archeologia informatica a Palazzolo Acreide (Sr)<\/a>\u00a0&#8211; www.pollycoke.net<\/li>\n<li><a href=\"http:\/\/www.pettinix.org\/2008\/08\/23\/archeologia-post-industriale-mostra-interattiva-di-storia-dellinformatica\/\" rel=\"nofollow\">Archeologia Post-Industriale: Mostra interattiva di Storia dell\u2019Informatica<\/a>\u00a0&#8211; www.pettinix.org Mondo *Nix, Linux, Free Software e Open Source<\/li>\n<li><a href=\"http:\/\/www.piazzaiblon.it\/index.php\/topic,1590.0.html\" rel=\"nofollow\">Piazza Iblon.it &#8211; Il forum della comunit\u00e0 Iblea<\/a><\/li>\n<li><span style=\"color: #ff6600;\"><a style=\"color: #ff6600;\" href=\"http:\/\/www.archeologia.com\/forum\/mostre-segnalazione\/3685-prov-siracusa-archeologia-post-industriale.html\" rel=\"nofollow\">[6]<\/a><\/span>\u00a0www.archeologia.com Archeologia, arte e storia antica, storia del pensiero, storia militare, guida di Roma. Strumenti, risorse e luoghi di discussione<\/li>\n<li><a href=\"http:\/\/www.siracusaweb.com\/forum\/post44834.html#p44834\" rel=\"nofollow\">Mostra di Informatica a Palazzolo<\/a>\u00a0&#8211; www.siracusaweb.com<\/li>\n<\/ul>\n<h2>Online photo services<\/h2>\n<ul>\n<li><a href=\"http:\/\/palermo.repubblica.it\/cronaca\/2010\/04\/09\/foto\/in_sicilia_il_museo_dei_vecchi_computer-3230152\/1\/\" rel=\"nofollow\">La Repubblica, Palermo, Edizione online: servizio fotografico<\/a><\/li>\n<li><a href=\"http:\/\/www.siciliantagonista.org\/modules\/fotogallery1\/thumbnails.php?album=93\" rel=\"nofollow\">ARCHEOLOGIA POST-INDUSTRIALE &#8211; Palazzolo 29\/31 Agosto 2008<\/a>\u00a0&#8211; www.siciliantagonista.org<\/li>\n<li><a href=\"http:\/\/siracusa.linux.it\/jfoto\/index.htm\" rel=\"nofollow\">&#8220;GNU\/Linux Sicilia Joint Day 2004&#8221;<\/a>\u00a0&#8211; \/\/sicilia.linux.it<\/li>\n<\/ul>\n<h2>Our presence in the UNESCO sites<\/h2>\n<ul>\n<li><a href=\"http:\/\/www.unesco-ci.org\/cgi-bin\/portals\/archives\/search.cgi?d=1&amp;query=freaknet&amp;search2=GO\" rel=\"nofollow\">http:\/\/www.unesco-ci.org\/cgi-bin\/portals\/archives\/search.cgi?d=1&amp;query=freaknet&amp;search2=GO<\/a><\/li>\n<li><a href=\"http:\/\/www.unesco-ci.org\/cgi-bin\/portals\/foss\/search.cgi?query=freaknet&amp;search2=GO\" rel=\"nofollow\">http:\/\/www.unesco-ci.org\/cgi-bin\/portals\/foss\/search.cgi?query=freaknet&amp;search2=GO<\/a><\/li>\n<li><a href=\"http:\/\/www.unesco-ci.org\/cgi-bin\/portals\/foss\/search.cgi?d=1&amp;query=dyne&amp;search2=GO\" rel=\"nofollow\">http:\/\/www.unesco-ci.org\/cgi-bin\/portals\/foss\/search.cgi?d=1&amp;query=dyne&amp;search2=GO<\/a><\/li>\n<\/ul>\n<h2>Also talked about us:<\/h2>\n<ul>\n<li>I Love Sicilia<\/li>\n<li>Donna Moderna<\/li>\n<li>Venerdi&#8217; di Repubblica<\/li>\n<li>Radio1 Rai, GOLEM<\/li>\n<li>Radio3 Rai<\/li>\n<li>Canale 5, trasmissione LINK<\/li>\n<li>Radio FRO, Linz, Austria<\/li>\n<li>Radio ORANGE, Wien, Austria<\/li>\n<li>Il Manifesto<\/li>\n<li>Dove<\/li>\n<li>Radio Citta&#8217;, Bologna<\/li>\n<li>Radio Onda Rossa, Roma<\/li>\n<\/ul>\n<p>Related materials will be put online as soon as possible.<\/p>","protected":false},"excerpt":{"rendered":"<p>This is a complete press release about everything related to all groups that create the Museum. It&#8217;s formed by articles<\/p>\n","protected":false},"author":1,"featured_media":0,"parent":0,"menu_order":0,"comment_status":"closed","ping_status":"closed","template":"","meta":{"colormag_page_container_layout":"default_layout","colormag_page_sidebar_layout":"default_layout","footnotes":""},"class_list":["post-824","page","type-page","status-publish","hentry"],"yoast_head":"<!-- This site is optimized with the Yoast SEO plugin v27.3 - https:\/\/yoast.com\/product\/yoast-seo-wordpress\/ -->\n<title>Press review - Museo dell&#039;Informatica Funzionante<\/title>\n<meta name=\"robots\" content=\"index, follow, max-snippet:-1, max-image-preview:large, max-video-preview:-1\" \/>\n<link rel=\"canonical\" href=\"https:\/\/museo.freaknet.org\/en\/rassegna-stampa\/\" \/>\n<meta property=\"og:locale\" content=\"en_US\" \/>\n<meta property=\"og:type\" content=\"article\" \/>\n<meta property=\"og:title\" content=\"Press review - Museo dell&#039;Informatica Funzionante\" \/>\n<meta property=\"og:description\" content=\"This is a complete press release about everything related to all groups that create the Museum. It&#8217;s formed by articles\" \/>\n<meta property=\"og:url\" content=\"https:\/\/museo.freaknet.org\/en\/rassegna-stampa\/\" \/>\n<meta property=\"og:site_name\" content=\"Museo dell&#039;Informatica Funzionante\" \/>\n<meta property=\"article:publisher\" content=\"https:\/\/www.facebook.com\/MuseoInformaticaFunzionante?fref=ts\" \/>\n<meta property=\"article:modified_time\" content=\"2025-08-29T13:37:47+00:00\" \/>\n<meta name=\"twitter:card\" content=\"summary_large_image\" \/>\n<meta name=\"twitter:site\" content=\"@freaknetmuseum\" \/>\n<meta name=\"twitter:label1\" content=\"Est. reading time\" \/>\n\t<meta name=\"twitter:data1\" content=\"10 minutes\" \/>\n<script type=\"application\/ld+json\" class=\"yoast-schema-graph\">{\"@context\":\"https:\\\/\\\/schema.org\",\"@graph\":[{\"@type\":\"WebPage\",\"@id\":\"https:\\\/\\\/museo.freaknet.org\\\/en\\\/rassegna-stampa\\\/\",\"url\":\"https:\\\/\\\/museo.freaknet.org\\\/en\\\/rassegna-stampa\\\/\",\"name\":\"Press review - Museo dell&#039;Informatica Funzionante\",\"isPartOf\":{\"@id\":\"https:\\\/\\\/museo.freaknet.org\\\/en\\\/#website\"},\"datePublished\":\"2012-03-10T19:14:25+00:00\",\"dateModified\":\"2025-08-29T13:37:47+00:00\",\"breadcrumb\":{\"@id\":\"https:\\\/\\\/museo.freaknet.org\\\/en\\\/rassegna-stampa\\\/#breadcrumb\"},\"inLanguage\":\"en-US\",\"potentialAction\":[{\"@type\":\"ReadAction\",\"target\":[[\"https:\\\/\\\/museo.freaknet.org\\\/en\\\/rassegna-stampa\\\/\"]]}]},{\"@type\":\"BreadcrumbList\",\"@id\":\"https:\\\/\\\/museo.freaknet.org\\\/en\\\/rassegna-stampa\\\/#breadcrumb\",\"itemListElement\":[{\"@type\":\"ListItem\",\"position\":1,\"name\":\"Home\",\"item\":\"https:\\\/\\\/museo.freaknet.org\\\/en\\\/\"},{\"@type\":\"ListItem\",\"position\":2,\"name\":\"Rassegna stampa\"}]},{\"@type\":\"WebSite\",\"@id\":\"https:\\\/\\\/museo.freaknet.org\\\/en\\\/#website\",\"url\":\"https:\\\/\\\/museo.freaknet.org\\\/en\\\/\",\"name\":\"Museo dell&#039;Informatica Funzionante\",\"description\":\"Computer Museum\",\"publisher\":{\"@id\":\"https:\\\/\\\/museo.freaknet.org\\\/en\\\/#organization\"},\"potentialAction\":[{\"@type\":\"SearchAction\",\"target\":{\"@type\":\"EntryPoint\",\"urlTemplate\":\"https:\\\/\\\/museo.freaknet.org\\\/en\\\/?s={search_term_string}\"},\"query-input\":{\"@type\":\"PropertyValueSpecification\",\"valueRequired\":true,\"valueName\":\"search_term_string\"}}],\"inLanguage\":\"en-US\"},{\"@type\":\"Organization\",\"@id\":\"https:\\\/\\\/museo.freaknet.org\\\/en\\\/#organization\",\"name\":\"Museo dell'Informatica Funzionante\",\"url\":\"https:\\\/\\\/museo.freaknet.org\\\/en\\\/\",\"logo\":{\"@type\":\"ImageObject\",\"inLanguage\":\"en-US\",\"@id\":\"https:\\\/\\\/museo.freaknet.org\\\/en\\\/#\\\/schema\\\/logo\\\/image\\\/\",\"url\":\"https:\\\/\\\/museo.freaknet.org\\\/wp-content\\\/uploads\\\/2023\\\/10\\\/logomuseook-e1698601667567.jpg\",\"contentUrl\":\"https:\\\/\\\/museo.freaknet.org\\\/wp-content\\\/uploads\\\/2023\\\/10\\\/logomuseook-e1698601667567.jpg\",\"width\":127,\"height\":150,\"caption\":\"Museo dell'Informatica Funzionante\"},\"image\":{\"@id\":\"https:\\\/\\\/museo.freaknet.org\\\/en\\\/#\\\/schema\\\/logo\\\/image\\\/\"},\"sameAs\":[\"https:\\\/\\\/www.facebook.com\\\/MuseoInformaticaFunzionante?fref=ts\",\"https:\\\/\\\/x.com\\\/freaknetmuseum\",\"https:\\\/\\\/instagram.com\\\/instamusif\\\/\",\"https:\\\/\\\/www.pinterest.com\\\/museocomputer\\\/musif\\\/\"]}]}<\/script>\n<!-- \/ Yoast SEO plugin. -->","yoast_head_json":{"title":"Press review - Museo dell&#039;Informatica Funzionante","robots":{"index":"index","follow":"follow","max-snippet":"max-snippet:-1","max-image-preview":"max-image-preview:large","max-video-preview":"max-video-preview:-1"},"canonical":"https:\/\/museo.freaknet.org\/en\/rassegna-stampa\/","og_locale":"en_US","og_type":"article","og_title":"Press review - Museo dell&#039;Informatica Funzionante","og_description":"This is a complete press release about everything related to all groups that create the Museum. It&#8217;s formed by articles","og_url":"https:\/\/museo.freaknet.org\/en\/rassegna-stampa\/","og_site_name":"Museo dell&#039;Informatica Funzionante","article_publisher":"https:\/\/www.facebook.com\/MuseoInformaticaFunzionante?fref=ts","article_modified_time":"2025-08-29T13:37:47+00:00","twitter_card":"summary_large_image","twitter_site":"@freaknetmuseum","twitter_misc":{"Est. reading time":"10 minutes"},"schema":{"@context":"https:\/\/schema.org","@graph":[{"@type":"WebPage","@id":"https:\/\/museo.freaknet.org\/en\/rassegna-stampa\/","url":"https:\/\/museo.freaknet.org\/en\/rassegna-stampa\/","name":"Press review - Museo dell&#039;Informatica Funzionante","isPartOf":{"@id":"https:\/\/museo.freaknet.org\/en\/#website"},"datePublished":"2012-03-10T19:14:25+00:00","dateModified":"2025-08-29T13:37:47+00:00","breadcrumb":{"@id":"https:\/\/museo.freaknet.org\/en\/rassegna-stampa\/#breadcrumb"},"inLanguage":"en-US","potentialAction":[{"@type":"ReadAction","target":[["https:\/\/museo.freaknet.org\/en\/rassegna-stampa\/"]]}]},{"@type":"BreadcrumbList","@id":"https:\/\/museo.freaknet.org\/en\/rassegna-stampa\/#breadcrumb","itemListElement":[{"@type":"ListItem","position":1,"name":"Home","item":"https:\/\/museo.freaknet.org\/en\/"},{"@type":"ListItem","position":2,"name":"Rassegna stampa"}]},{"@type":"WebSite","@id":"https:\/\/museo.freaknet.org\/en\/#website","url":"https:\/\/museo.freaknet.org\/en\/","name":"Museo dell&#039;Informatica Funzionante","description":"Computer Museum","publisher":{"@id":"https:\/\/museo.freaknet.org\/en\/#organization"},"potentialAction":[{"@type":"SearchAction","target":{"@type":"EntryPoint","urlTemplate":"https:\/\/museo.freaknet.org\/en\/?s={search_term_string}"},"query-input":{"@type":"PropertyValueSpecification","valueRequired":true,"valueName":"search_term_string"}}],"inLanguage":"en-US"},{"@type":"Organization","@id":"https:\/\/museo.freaknet.org\/en\/#organization","name":"Museo dell'Informatica Funzionante","url":"https:\/\/museo.freaknet.org\/en\/","logo":{"@type":"ImageObject","inLanguage":"en-US","@id":"https:\/\/museo.freaknet.org\/en\/#\/schema\/logo\/image\/","url":"https:\/\/museo.freaknet.org\/wp-content\/uploads\/2023\/10\/logomuseook-e1698601667567.jpg","contentUrl":"https:\/\/museo.freaknet.org\/wp-content\/uploads\/2023\/10\/logomuseook-e1698601667567.jpg","width":127,"height":150,"caption":"Museo dell'Informatica Funzionante"},"image":{"@id":"https:\/\/museo.freaknet.org\/en\/#\/schema\/logo\/image\/"},"sameAs":["https:\/\/www.facebook.com\/MuseoInformaticaFunzionante?fref=ts","https:\/\/x.com\/freaknetmuseum","https:\/\/instagram.com\/instamusif\/","https:\/\/www.pinterest.com\/museocomputer\/musif\/"]}]}},"_links":{"self":[{"href":"https:\/\/museo.freaknet.org\/en\/wp-json\/wp\/v2\/pages\/824","targetHints":{"allow":["GET"]}}],"collection":[{"href":"https:\/\/museo.freaknet.org\/en\/wp-json\/wp\/v2\/pages"}],"about":[{"href":"https:\/\/museo.freaknet.org\/en\/wp-json\/wp\/v2\/types\/page"}],"author":[{"embeddable":true,"href":"https:\/\/museo.freaknet.org\/en\/wp-json\/wp\/v2\/users\/1"}],"replies":[{"embeddable":true,"href":"https:\/\/museo.freaknet.org\/en\/wp-json\/wp\/v2\/comments?post=824"}],"version-history":[{"count":10,"href":"https:\/\/museo.freaknet.org\/en\/wp-json\/wp\/v2\/pages\/824\/revisions"}],"predecessor-version":[{"id":2599,"href":"https:\/\/museo.freaknet.org\/en\/wp-json\/wp\/v2\/pages\/824\/revisions\/2599"}],"wp:attachment":[{"href":"https:\/\/museo.freaknet.org\/en\/wp-json\/wp\/v2\/media?parent=824"}],"curies":[{"name":"wp","href":"https:\/\/api.w.org\/{rel}","templated":true}]}}